{"id":3222,"date":"2024-08-26T09:39:11","date_gmt":"2024-08-26T07:39:11","guid":{"rendered":"https:\/\/hofbraeu-bamberg.de\/imprint\/"},"modified":"2025-05-13T09:28:40","modified_gmt":"2025-05-13T07:28:40","slug":"imprint","status":"publish","type":"page","link":"https:\/\/hofbraeu-bamberg.de\/en\/imprint\/","title":{"rendered":"Imprint"},"content":{"rendered":"<p><div class=\"fusion-fullwidth fullwidth-box fusion-builder-row-1 fusion-flex-container has-pattern-background has-mask-background hundred-percent-fullwidth non-hundred-percent-height-scrolling\" style=\"--awb-border-radius-top-left:0px;--awb-border-radius-top-right:0px;--awb-border-radius-bottom-right:0px;--awb-border-radius-bottom-left:0px;--awb-padding-top:0px;--awb-padding-right:0px;--awb-padding-bottom:0px;--awb-padding-left:0px;--awb-background-color:var(--awb-custom_color_3);--awb-flex-wrap:wrap;\" ><div class=\"fusion-builder-row fusion-row fusion-flex-align-items-flex-start fusion-flex-content-wrap\" style=\"width:104% !important;max-width:104% !important;margin-left: calc(-4% \/ 2 );margin-right: calc(-4% \/ 2 );\"><div class=\"fusion-layout-column fusion_builder_column fusion-builder-column-0 fusion_builder_column_1_1 1_1 fusion-flex-column\" style=\"--awb-bg-size:cover;--awb-width-large:100%;--awb-margin-top-large:0px;--awb-spacing-right-large:1.92%;--awb-margin-bottom-large:0px;--awb-spacing-left-large:1.92%;--awb-width-medium:100%;--awb-order-medium:0;--awb-spacing-right-medium:1.92%;--awb-spacing-left-medium:1.92%;--awb-width-small:100%;--awb-order-small:0;--awb-spacing-right-small:1.92%;--awb-spacing-left-small:1.92%;\" data-scroll-devices=\"small-visibility,medium-visibility,large-visibility\"><div class=\"fusion-column-wrapper fusion-column-has-shadow fusion-flex-justify-content-flex-start fusion-content-layout-column\"><div class=\"fusion-image-element \" style=\"--awb-aspect-ratio:16 \/ 9;--awb-object-position:50% 45%;--awb-caption-title-font-family:var(--h2_typography-font-family);--awb-caption-title-font-weight:var(--h2_typography-font-weight);--awb-caption-title-font-style:var(--h2_typography-font-style);--awb-caption-title-size:var(--h2_typography-font-size);--awb-caption-title-transform:var(--h2_typography-text-transform);--awb-caption-title-line-height:var(--h2_typography-line-height);--awb-caption-title-letter-spacing:var(--h2_typography-letter-spacing);\"><span class=\" fusion-imageframe imageframe-none imageframe-1 hover-type-none has-aspect-ratio fusion-animated\" data-animationType=\"fadeIn\" data-animationDuration=\"0.6\" data-animationOffset=\"top-into-view\"><img decoding=\"async\" width=\"1920\" height=\"1280\" title=\"Hofbr\u00e4u \u00a9 Marian Lenhard\" src=\"http:\/\/hofbraeu-bamberg.de\/wp-content\/uploads\/2025\/03\/2025-Hofbraeu-Website-35-Kopie.jpg\" class=\"img-responsive wp-image-3145 img-with-aspect-ratio disable-lazyload\" alt srcset=\"https:\/\/hofbraeu-bamberg.de\/wp-content\/uploads\/2025\/03\/2025-Hofbraeu-Website-35-Kopie-200x133.jpg 200w, https:\/\/hofbraeu-bamberg.de\/wp-content\/uploads\/2025\/03\/2025-Hofbraeu-Website-35-Kopie-400x267.jpg 400w, https:\/\/hofbraeu-bamberg.de\/wp-content\/uploads\/2025\/03\/2025-Hofbraeu-Website-35-Kopie-600x400.jpg 600w, https:\/\/hofbraeu-bamberg.de\/wp-content\/uploads\/2025\/03\/2025-Hofbraeu-Website-35-Kopie-800x533.jpg 800w, https:\/\/hofbraeu-bamberg.de\/wp-content\/uploads\/2025\/03\/2025-Hofbraeu-Website-35-Kopie-1200x800.jpg 1200w, https:\/\/hofbraeu-bamberg.de\/wp-content\/uploads\/2025\/03\/2025-Hofbraeu-Website-35-Kopie.jpg 1920w\" sizes=\"(max-width: 1024px) 100vw, (max-width: 640px) 100vw, 1920px\" \/><\/span><\/div><\/div><\/div><\/div><\/div><div class=\"fusion-fullwidth fullwidth-box fusion-builder-row-2 fusion-flex-container has-pattern-background has-mask-background nonhundred-percent-fullwidth non-hundred-percent-height-scrolling\" style=\"--awb-border-radius-top-left:0px;--awb-border-radius-top-right:0px;--awb-border-radius-bottom-right:0px;--awb-border-radius-bottom-left:0px;--awb-padding-top:30px;--awb-padding-bottom:30px;--awb-flex-wrap:wrap;\" ><div class=\"fusion-builder-row fusion-row fusion-flex-align-items-flex-start fusion-flex-content-wrap\" style=\"max-width:1331.2px;margin-left: calc(-4% \/ 2 );margin-right: calc(-4% \/ 2 );\"><div class=\"fusion-layout-column fusion_builder_column fusion-builder-column-1 fusion_builder_column_1_1 1_1 fusion-flex-column\" style=\"--awb-bg-size:cover;--awb-width-large:100%;--awb-margin-top-large:10px;--awb-spacing-right-large:1.92%;--awb-margin-bottom-large:10px;--awb-spacing-left-large:1.92%;--awb-width-medium:100%;--awb-order-medium:0;--awb-spacing-right-medium:1.92%;--awb-spacing-left-medium:1.92%;--awb-width-small:100%;--awb-order-small:0;--awb-spacing-right-small:1.92%;--awb-spacing-left-small:1.92%;\"><div class=\"fusion-column-wrapper fusion-column-has-shadow fusion-flex-justify-content-flex-start fusion-content-layout-column\"><div class=\"fusion-title title fusion-title-1 fusion-sep-none fusion-title-text fusion-title-size-two\" style=\"--awb-text-color:#683c11;\"><h2 class=\"fusion-title-heading title-heading-left fusion-responsive-typography-calculated\" style=\"margin:0;text-transform:uppercase;--fontSize:34;line-height:var(--awb-typography1-line-height);\"><h4>IMPRINT<\/h4><\/h2><\/div><\/div><\/div><div class=\"fusion-layout-column fusion_builder_column fusion-builder-column-2 fusion_builder_column_1_3 1_3 fusion-flex-column\" style=\"--awb-bg-size:cover;--awb-width-large:33.333333333333%;--awb-margin-top-large:10px;--awb-spacing-right-large:5.76%;--awb-margin-bottom-large:10px;--awb-spacing-left-large:5.76%;--awb-width-medium:100%;--awb-order-medium:0;--awb-spacing-right-medium:1.92%;--awb-spacing-left-medium:1.92%;--awb-width-small:100%;--awb-order-small:0;--awb-spacing-right-small:1.92%;--awb-spacing-left-small:1.92%;\"><div class=\"fusion-column-wrapper fusion-column-has-shadow fusion-flex-justify-content-flex-start fusion-content-layout-column\"><div class=\"fusion-text fusion-text-1\"><div class=\"wpb_text_column wpb_content_element \">\n<div class=\"wpb_wrapper\">\n<p>Hofbr\u00e4u Bamberg Restaurant GmbH &amp; Co KG<br \/>\nKarolinenstra\u00dfe 7<br \/>\n96049 Bamberg<\/p>\n<p>Commercial register: HRA 11477<br \/>\nRegister court: Bamberg local court<\/p>\n<p><strong>Represented by:<\/strong><\/p>\n<p>Hofbr\u00e4u Bamberg Restaurant Verwaltungs GmbH<br \/>\nKarolinenstra\u00dfe 7<br \/>\n96049 Bamberg<\/p>\n<p>Represented by:<br \/>\nHans-Werner Pe\u00dfler<br \/>\nHeinrich Sauer<\/p>\n<p>Commercial register: HRB 7213<br \/>\nRegister court: Bamberg local court<\/p>\n<p>Value added tax identification number in accordance with \u00a7 27 a of the Value Added Tax Act:<br \/>\nDE281510926<\/p>\n<h4>CONTACT<\/h4>\n<p>Phone: 0951 \/ 5 33 21<br \/>\nFax: 0951 \/ 29 78 77 6<br \/>\nE-mail: info@hofbraeu-bamberg.de<\/p>\n<h4>SUPERVISORY AUTHORITY<\/h4>\n<p>Bamberg Public Order Office City of Bamberg<br \/>\nTown hall Maxplatz<br \/>\nMaximiliansplatz 3<br \/>\n96047 Bamberg<\/p>\n<p><a href=\"https:\/\/www.stadt.bamberg.de\/ordnungsamt\" target=\"_blank\" rel=\"noopener noreferrer\">https:\/\/www.stadt.bamberg.de\/ordnungsamt<\/a><\/p>\n<h4>EDITORIALLY RESPONSIBLE<\/h4>\n<p>Hans-Werner Pe\u00dfler<br \/>\nKarolinenstrasse 7<br \/>\n96049 Bamberg<\/p>\n<h4>CONSUMER DISPUTE RESOLUTION\/UNIVERSAL ARBITRATION BOARD<\/h4>\n<p>We are not willing or obliged to participate in dispute resolution proceedings before a consumer arbitration board.<\/p>\n<p>Photos on this website: Marian Lenhard \/ Lara M\u00fcller \/ Hofbr\u00e4u unless otherwise indicated<\/p>\n<p>Website designed by <a href=\"https:\/\/artedge.de\/\" target=\"_blank\" rel=\"noopener noreferrer\"><i>ARTEDGE<\/i><\/a> Bamberg<\/p>\n<p>Source: <em><a href=\"https:\/\/www.e-recht24.de\/impressum-%20generator.html\">https:\/\/www.e-recht24.de<\/a><\/em><\/p>\n<\/div>\n<\/div>\n<\/div><\/div><\/div><div class=\"fusion-layout-column fusion_builder_column fusion-builder-column-3 fusion_builder_column_2_3 2_3 fusion-flex-column\" style=\"--awb-bg-size:cover;--awb-width-large:66.666666666667%;--awb-margin-top-large:10px;--awb-spacing-right-large:2.88%;--awb-margin-bottom-large:10px;--awb-spacing-left-large:2.88%;--awb-width-medium:100%;--awb-order-medium:0;--awb-spacing-right-medium:1.92%;--awb-spacing-left-medium:1.92%;--awb-width-small:100%;--awb-order-small:0;--awb-spacing-right-small:1.92%;--awb-spacing-left-small:1.92%;\"><div class=\"fusion-column-wrapper fusion-column-has-shadow fusion-flex-justify-content-flex-start fusion-content-layout-column\"><div class=\"fusion-text fusion-text-2\"><div class=\"wpb_text_column wpb_content_element \">\n<div class=\"wpb_wrapper\">\n<h2>DISCLAIMER LIABILITY FOR CONTENT<\/h2>\n<p><strong>1. content of the online offer<\/strong><\/p>\n<p>Hofbr\u00e4u Bamberg assumes no liability for the topicality, correctness, completeness or quality of the information provided. Liability claims against the author relating to material or immaterial damage caused by the use or non-use of the information provided or by the use of incorrect or incomplete information are fundamentally excluded, provided that there is no demonstrable intentional or grossly negligent fault on the part of Hofbr\u00e4u Bamberg. All offers are subject to change and non-binding. Hofbr\u00e4u Bamberg expressly reserves the right to change, supplement or delete parts of the pages or the entire offer without prior notice or to cease publication temporarily or permanently.   <\/p>\n<p><strong>2. references and links<\/strong><\/p>\n<p>Despite careful control of the content, Hofbr\u00e4u Bamberg accepts no liability for the content of external links. The operators of the linked pages are solely responsible for their content.<br \/>\nHofbr\u00e4u Bamberg shall only be liable for direct or indirect references to third-party websites (&#8220;links&#8221;) for which Hofbr\u00e4u Bamberg is not responsible if Hofbr\u00e4u Bamberg is aware of the content and if it is technically possible and reasonable for Hofbr\u00e4u Bamberg to prevent the use of illegal content. Hofbr\u00e4u Bamberg therefore expressly declares that the linked pages were free of illegal content at the time the links were created.Hofbr\u00e4u Bamberg has no influence whatsoever on the current and future design and content of the linked pages. Therefore, it hereby expressly distances itself from all contents of all linked pages that were changed after the link was created. This statement applies to all links and references set within the author&#8217;s own website as well as to third-party entries in guest books, discussion forums and mailing lists set up by the author. Liability for illegal, incorrect or incomplete content and in particular for damages resulting from the use or non-use of such information lies solely with the provider of the page to which reference is made, and not with the person who merely refers to the respective publication via links.<\/p>\n<p><strong>3. copyright and trademark law<\/strong><\/p>\n<p>Hofbr\u00e4u Bamberg endeavors to observe the copyrights of the graphics, sound documents, video sequences and texts used in all publications, to use graphics, sound documents, video sequences and texts it has created itself or to make use of license-free graphics, sound documents, video sequences and texts. All brands and trademarks mentioned on the website and possibly protected by third parties are subject without restriction to the provisions of the applicable trademark law and the ownership rights of the respective registered owners. The mere mention of a trademark does not imply that it is not protected by third-party rights!   The copyright for published objects created by Hofbr\u00e4u Bamberg itself remains solely with the author of the pages. Reproduction or use of such graphics, audio documents, video sequences and texts in other electronic or printed publications is not permitted without the express consent of Hofbr\u00e4u Bamberg.<\/p>\n<p><strong>4. data protection<\/strong><\/p>\n<p>If the opportunity for the input of personal or business data (email addresses, name, addresses) is given, the input of these data takes place voluntarily. The use and payment of all services offered is &#8211; as far as technically possible and reasonable &#8211; also permitted without providing such data or by providing anonymized data or a pseudonym.<\/p>\n<p><strong>5 Legal validity of this disclaimer<\/strong><\/p>\n<p>This disclaimer is to be regarded as part of the Hofbr\u00e4u Bamberg website from which you were referred to this page. If sections or individual terms of this statement are not legal or correct, the content or validity of the other parts remain uninfluenced by this fact.<\/p>\n<\/div>\n<\/div>\n<\/div><div class=\"fusion-separator\" style=\"align-self: center;margin-left: auto;margin-right: auto;margin-top:40px;width:100%;max-width:20px;\"><\/div><\/div><\/div><\/div><\/div><\/p>\n","protected":false},"excerpt":{"rendered":"","protected":false},"author":1,"featured_media":0,"parent":0,"menu_order":0,"comment_status":"closed","ping_status":"closed","template":"100-width.php","meta":{"footnotes":""},"class_list":["post-3222","page","type-page","status-publish","hentry"],"_links":{"self":[{"href":"https:\/\/hofbraeu-bamberg.de\/en\/wp-json\/wp\/v2\/pages\/3222","targetHints":{"allow":["GET"]}}],"collection":[{"href":"https:\/\/hofbraeu-bamberg.de\/en\/wp-json\/wp\/v2\/pages"}],"about":[{"href":"https:\/\/hofbraeu-bamberg.de\/en\/wp-json\/wp\/v2\/types\/page"}],"author":[{"embeddable":true,"href":"https:\/\/hofbraeu-bamberg.de\/en\/wp-json\/wp\/v2\/users\/1"}],"replies":[{"embeddable":true,"href":"https:\/\/hofbraeu-bamberg.de\/en\/wp-json\/wp\/v2\/comments?post=3222"}],"version-history":[{"count":2,"href":"https:\/\/hofbraeu-bamberg.de\/en\/wp-json\/wp\/v2\/pages\/3222\/revisions"}],"predecessor-version":[{"id":3224,"href":"https:\/\/hofbraeu-bamberg.de\/en\/wp-json\/wp\/v2\/pages\/3222\/revisions\/3224"}],"wp:attachment":[{"href":"https:\/\/hofbraeu-bamberg.de\/en\/wp-json\/wp\/v2\/media?parent=3222"}],"curies":[{"name":"wp","href":"https:\/\/api.w.org\/{rel}","templated":true}]}}